{"id":8,"date":"2022-11-09T12:38:36","date_gmt":"2022-11-09T12:38:36","guid":{"rendered":"https:\/\/julia-anoeta.de\/?page_id=8"},"modified":"2024-03-11T10:56:27","modified_gmt":"2024-03-11T10:56:27","slug":"datenschutzerklaerung","status":"publish","type":"page","link":"https:\/\/fr.julia-anoeta.de\/?page_id=8","title":{"rendered":"Protection des donn\u00e9es"},"content":{"rendered":"\n<p>Indications selon \u00a7 5 TMG<br><br>Julia Schneider<br>Brennerstr. 9<br>99423 Weimar<br><br>Contact<br>T\u00e9l\u00e9phone : +49 (0) 1577 45 72 76 5<br><br>Courriel: julia.anoeta@googlemail.com<br><br>Responsabilit\u00e9 pour les contenus<br>En tant que prestataire de services, nous sommes responsables, conform\u00e9ment au \u00a7 7 alin\u00e9a 1 de la loi allemande sur les t\u00e9l\u00e9m\u00e9dias (TMG), de nos propres contenus sur ces pages selon les lois g\u00e9n\u00e9rales. Selon les \u00a7\u00a7 8 \u00e0 10 de la TMG, nous ne sommes toutefois pas tenus, en tant que prestataire de services, de surveiller les informations externes transmises ou enregistr\u00e9es ou de rechercher les circonstances qui indiquent une activit\u00e9 ill\u00e9gale.<br><br>Les obligations de supprimer ou de bloquer l&#8217;utilisation d&#8217;informations conform\u00e9ment aux lois g\u00e9n\u00e9rales ne sont pas affect\u00e9es par cette disposition. Une responsabilit\u00e9 \u00e0 cet \u00e9gard n&#8217;est toutefois possible qu&#8217;\u00e0 partir du moment o\u00f9 une violation concr\u00e8te de la loi est connue. D\u00e8s la prise de connaissance d&#8217;une telle violation, nous supprimerons imm\u00e9diatement les contenus concern\u00e9s.<\/p>\n\n\n\n<p>Responsabilit\u00e9 pour les liens<br>Notre offre contient des liens menant \u00e0 des sites web externes de tiers, sur le contenu desquels nous n&#8217;avons aucune influence. C&#8217;est pourquoi nous ne pouvons pas non plus nous porter garants de ces contenus externes. Le fournisseur ou l&#8217;exploitant des pages li\u00e9es est toujours responsable de leur contenu. Les pages li\u00e9es ont \u00e9t\u00e9 contr\u00f4l\u00e9es au moment de la cr\u00e9ation du lien afin de v\u00e9rifier qu&#8217;elles ne pr\u00e9sentaient pas d&#8217;infraction \u00e0 la loi. Aucun contenu ill\u00e9gal n&#8217;a \u00e9t\u00e9 identifi\u00e9 au moment de la cr\u00e9ation des liens.<\/p>\n\n\n\n<p><br>Un contr\u00f4le permanent du contenu des pages li\u00e9es n&#8217;est toutefois pas exigible sans indices concrets d&#8217;une violation de la loi. D\u00e8s que nous aurons connaissance d&#8217;une violation de la loi, nous supprimerons imm\u00e9diatement les liens concern\u00e9s.<br><br>Droits d&#8217;auteur<br>Les contenus et les \u0153uvres cr\u00e9\u00e9s par les op\u00e9rateurs du site sur ces pages sont soumis au droit d&#8217;auteur allemand. La reproduction, le traitement, la diffusion et toute forme d&#8217;exploitation en dehors des limites du droit d&#8217;auteur requi\u00e8rent l&#8217;accord \u00e9crit de l&#8217;auteur ou du cr\u00e9ateur concern\u00e9. Des t\u00e9l\u00e9chargements et ou des copies de ce site ne sont pas autoris\u00e9s.<br><br>Pour autant que les contenus de ce site n&#8217;aient pas \u00e9t\u00e9 cr\u00e9\u00e9s par l&#8217;op\u00e9rateur, les droits d&#8217;auteur de tiers sont respect\u00e9s. Les contenus de tiers sont notamment identifi\u00e9s comme tels. Si vous deviez n\u00e9anmoins constater une violation des droits d&#8217;auteur, nous vous prions de nous en informer. D\u00e8s la prise de connaissance d&#8217;une violation de la loi, nous supprimerons imm\u00e9diatement les contenus concern\u00e9s.<\/p>\n\n\n\n<p><\/p>\n\n\n\n<p>Source : https:\/\/www.e-recht24.de\/impressum-generator.html<br><br>Traduction : Julia A.L. Schneider<br><br>Graphiques : Graphy by Themegraphy<\/p>\n","protected":false},"excerpt":{"rendered":"<p>Indications selon \u00a7 5 TMG Julia SchneiderBrennerstr. 999423 Weimar ContactT\u00e9l\u00e9phone : +49 (0) 1577 45 72 76 5 Courriel: julia.anoeta@googlemail.com Responsabilit\u00e9 pour les contenusEn tant que prestataire de services, nous sommes responsables, conform\u00e9ment au \u00a7 7 alin\u00e9a 1 de la loi allemande sur les t\u00e9l\u00e9m\u00e9dias (TMG), de nos propres contenus sur ces pages selon les&#8230;<\/p>\n","protected":false},"author":1,"featured_media":0,"parent":0,"menu_order":0,"comment_status":"closed","ping_status":"closed","template":"nosidebar.php","meta":{"footnotes":""},"class_list":["post-8","page","type-page","status-publish","hentry"],"yoast_head":"<!-- This site is optimized with the Yoast SEO plugin v26.3 - https:\/\/yoast.com\/wordpress\/plugins\/seo\/ -->\n<title>Protection des donn\u00e9es - Julia Schneider<\/title>\n<meta name=\"robots\" content=\"index, follow, max-snippet:-1, max-image-preview:large, max-video-preview:-1\" \/>\n<link rel=\"canonical\" href=\"https:\/\/fr.julia-anoeta.de\/?page_id=8\" \/>\n<meta property=\"og:locale\" content=\"de_DE\" \/>\n<meta property=\"og:type\" content=\"article\" \/>\n<meta property=\"og:title\" content=\"Protection des donn\u00e9es - Julia Schneider\" \/>\n<meta property=\"og:description\" content=\"Indications selon \u00a7 5 TMG Julia SchneiderBrennerstr. 999423 Weimar ContactT\u00e9l\u00e9phone : +49 (0) 1577 45 72 76 5 Courriel: julia.anoeta@googlemail.com Responsabilit\u00e9 pour les contenusEn tant que prestataire de services, nous sommes responsables, conform\u00e9ment au \u00a7 7 alin\u00e9a 1 de la loi allemande sur les t\u00e9l\u00e9m\u00e9dias (TMG), de nos propres contenus sur ces pages selon les...\" \/>\n<meta property=\"og:url\" content=\"https:\/\/fr.julia-anoeta.de\/?page_id=8\" \/>\n<meta property=\"og:site_name\" content=\"Julia Schneider\" \/>\n<meta property=\"article:modified_time\" content=\"2024-03-11T10:56:27+00:00\" \/>\n<meta name=\"twitter:card\" content=\"summary_large_image\" \/>\n<meta name=\"twitter:label1\" content=\"Gesch\u00e4tzte Lesezeit\" \/>\n\t<meta name=\"twitter:data1\" content=\"3\u00a0Minuten\" \/>\n<script type=\"application\/ld+json\" class=\"yoast-schema-graph\">{\"@context\":\"https:\/\/schema.org\",\"@graph\":[{\"@type\":\"WebPage\",\"@id\":\"https:\/\/fr.julia-anoeta.de\/?page_id=8\",\"url\":\"https:\/\/fr.julia-anoeta.de\/?page_id=8\",\"name\":\"Protection des donn\u00e9es - Julia Schneider\",\"isPartOf\":{\"@id\":\"https:\/\/fr.julia-anoeta.de\/#website\"},\"datePublished\":\"2022-11-09T12:38:36+00:00\",\"dateModified\":\"2024-03-11T10:56:27+00:00\",\"breadcrumb\":{\"@id\":\"https:\/\/fr.julia-anoeta.de\/?page_id=8#breadcrumb\"},\"inLanguage\":\"de\",\"potentialAction\":[{\"@type\":\"ReadAction\",\"target\":[\"https:\/\/fr.julia-anoeta.de\/?page_id=8\"]}]},{\"@type\":\"BreadcrumbList\",\"@id\":\"https:\/\/fr.julia-anoeta.de\/?page_id=8#breadcrumb\",\"itemListElement\":[{\"@type\":\"ListItem\",\"position\":1,\"name\":\"Startseite\",\"item\":\"https:\/\/fr.julia-anoeta.de\/\"},{\"@type\":\"ListItem\",\"position\":2,\"name\":\"Protection des donn\u00e9es\"}]},{\"@type\":\"WebSite\",\"@id\":\"https:\/\/fr.julia-anoeta.de\/#website\",\"url\":\"https:\/\/fr.julia-anoeta.de\/\",\"name\":\"Julia Schneider\",\"description\":\"R\u00e9alisation \u2022 Art m\u00e9diatique\",\"potentialAction\":[{\"@type\":\"SearchAction\",\"target\":{\"@type\":\"EntryPoint\",\"urlTemplate\":\"https:\/\/fr.julia-anoeta.de\/?s={search_term_string}\"},\"query-input\":{\"@type\":\"PropertyValueSpecification\",\"valueRequired\":true,\"valueName\":\"search_term_string\"}}],\"inLanguage\":\"de\"}]}<\/script>\n<!-- \/ Yoast SEO plugin. -->","yoast_head_json":{"title":"Protection des donn\u00e9es - Julia Schneider","robots":{"index":"index","follow":"follow","max-snippet":"max-snippet:-1","max-image-preview":"max-image-preview:large","max-video-preview":"max-video-preview:-1"},"canonical":"https:\/\/fr.julia-anoeta.de\/?page_id=8","og_locale":"de_DE","og_type":"article","og_title":"Protection des donn\u00e9es - Julia Schneider","og_description":"Indications selon \u00a7 5 TMG Julia SchneiderBrennerstr. 999423 Weimar ContactT\u00e9l\u00e9phone : +49 (0) 1577 45 72 76 5 Courriel: julia.anoeta@googlemail.com Responsabilit\u00e9 pour les contenusEn tant que prestataire de services, nous sommes responsables, conform\u00e9ment au \u00a7 7 alin\u00e9a 1 de la loi allemande sur les t\u00e9l\u00e9m\u00e9dias (TMG), de nos propres contenus sur ces pages selon les...","og_url":"https:\/\/fr.julia-anoeta.de\/?page_id=8","og_site_name":"Julia Schneider","article_modified_time":"2024-03-11T10:56:27+00:00","twitter_card":"summary_large_image","twitter_misc":{"Gesch\u00e4tzte Lesezeit":"3\u00a0Minuten"},"schema":{"@context":"https:\/\/schema.org","@graph":[{"@type":"WebPage","@id":"https:\/\/fr.julia-anoeta.de\/?page_id=8","url":"https:\/\/fr.julia-anoeta.de\/?page_id=8","name":"Protection des donn\u00e9es - Julia Schneider","isPartOf":{"@id":"https:\/\/fr.julia-anoeta.de\/#website"},"datePublished":"2022-11-09T12:38:36+00:00","dateModified":"2024-03-11T10:56:27+00:00","breadcrumb":{"@id":"https:\/\/fr.julia-anoeta.de\/?page_id=8#breadcrumb"},"inLanguage":"de","potentialAction":[{"@type":"ReadAction","target":["https:\/\/fr.julia-anoeta.de\/?page_id=8"]}]},{"@type":"BreadcrumbList","@id":"https:\/\/fr.julia-anoeta.de\/?page_id=8#breadcrumb","itemListElement":[{"@type":"ListItem","position":1,"name":"Startseite","item":"https:\/\/fr.julia-anoeta.de\/"},{"@type":"ListItem","position":2,"name":"Protection des donn\u00e9es"}]},{"@type":"WebSite","@id":"https:\/\/fr.julia-anoeta.de\/#website","url":"https:\/\/fr.julia-anoeta.de\/","name":"Julia Schneider","description":"R\u00e9alisation \u2022 Art m\u00e9diatique","potentialAction":[{"@type":"SearchAction","target":{"@type":"EntryPoint","urlTemplate":"https:\/\/fr.julia-anoeta.de\/?s={search_term_string}"},"query-input":{"@type":"PropertyValueSpecification","valueRequired":true,"valueName":"search_term_string"}}],"inLanguage":"de"}]}},"_links":{"self":[{"href":"https:\/\/fr.julia-anoeta.de\/index.php?rest_route=\/wp\/v2\/pages\/8","targetHints":{"allow":["GET"]}}],"collection":[{"href":"https:\/\/fr.julia-anoeta.de\/index.php?rest_route=\/wp\/v2\/pages"}],"about":[{"href":"https:\/\/fr.julia-anoeta.de\/index.php?rest_route=\/wp\/v2\/types\/page"}],"author":[{"embeddable":true,"href":"https:\/\/fr.julia-anoeta.de\/index.php?rest_route=\/wp\/v2\/users\/1"}],"replies":[{"embeddable":true,"href":"https:\/\/fr.julia-anoeta.de\/index.php?rest_route=%2Fwp%2Fv2%2Fcomments&post=8"}],"version-history":[{"count":1,"href":"https:\/\/fr.julia-anoeta.de\/index.php?rest_route=\/wp\/v2\/pages\/8\/revisions"}],"predecessor-version":[{"id":624,"href":"https:\/\/fr.julia-anoeta.de\/index.php?rest_route=\/wp\/v2\/pages\/8\/revisions\/624"}],"wp:attachment":[{"href":"https:\/\/fr.julia-anoeta.de\/index.php?rest_route=%2Fwp%2Fv2%2Fmedia&parent=8"}],"curies":[{"name":"wp","href":"https:\/\/api.w.org\/{rel}","templated":true}]}}